{"id":1379,"date":"2021-07-20T18:04:46","date_gmt":"2021-07-20T16:04:46","guid":{"rendered":"http:\/\/www.charlesheitz.fr\/?page_id=1379"},"modified":"2021-08-22T11:10:34","modified_gmt":"2021-08-22T09:10:34","slug":"psychogenealogie","status":"publish","type":"page","link":"https:\/\/www.charlesheitz.fr\/index.php\/facilitations\/psychogenealogie\/","title":{"rendered":"Psychog\u00e9n\u00e9alogie"},"content":{"rendered":"\t\t<div data-elementor-type=\"wp-page\" data-elementor-id=\"1379\" class=\"elementor elementor-1379\">\n\t\t\t\t\t\t<section class=\"elementor-section elementor-top-section elementor-element elementor-element-e871822 elementor-section-boxed elementor-section-height-default elementor-section-height-default\" data-id=\"e871822\" data-element_type=\"section\" data-e-type=\"section\">\n\t\t\t\t\t\t<div class=\"elementor-container elementor-column-gap-default\">\n\t\t\t\t\t<div class=\"elementor-column elementor-col-100 elementor-top-column elementor-element elementor-element-91ae9d3\" data-id=\"91ae9d3\" data-element_type=\"column\" data-e-type=\"column\">\n\t\t\t<div class=\"elementor-widget-wrap elementor-element-populated\">\n\t\t\t\t\t\t<div class=\"elementor-element elementor-element-d43af7c elementor-widget elementor-widget-heading\" data-id=\"d43af7c\" data-element_type=\"widget\" data-e-type=\"widget\" data-widget_type=\"heading.default\">\n\t\t\t\t<div class=\"elementor-widget-container\">\n\t\t\t\t\t<h2 class=\"elementor-heading-title elementor-size-xl\">Psychog\u00e9n\u00e9alogie\u200b<\/h2>\t\t\t\t<\/div>\n\t\t\t\t<\/div>\n\t\t\t\t\t<\/div>\n\t\t<\/div>\n\t\t\t\t\t<\/div>\n\t\t<\/section>\n\t\t\t\t<section class=\"elementor-section elementor-top-section elementor-element elementor-element-a420469 elementor-section-boxed elementor-section-height-default elementor-section-height-default\" data-id=\"a420469\" data-element_type=\"section\" data-e-type=\"section\">\n\t\t\t\t\t\t<div class=\"elementor-container elementor-column-gap-default\">\n\t\t\t\t\t<div class=\"elementor-column elementor-col-100 elementor-top-column elementor-element elementor-element-4996651\" data-id=\"4996651\" data-element_type=\"column\" data-e-type=\"column\">\n\t\t\t<div class=\"elementor-widget-wrap elementor-element-populated\">\n\t\t\t\t\t\t<div class=\"elementor-element elementor-element-7a013aa elementor-widget elementor-widget-text-editor\" data-id=\"7a013aa\" data-element_type=\"widget\" data-e-type=\"widget\" data-widget_type=\"text-editor.default\">\n\t\t\t\t<div class=\"elementor-widget-container\">\n\t\t\t\t\t\t\t\t\t<p>Les difficult\u00e9s que je vis actuellement dans ma vie ne sont qu\u2019une relecture biologique inconsciente des difficult\u00e9s v\u00e9cues par mes anc\u00eatres.<br \/>En travaillant sur mon arbre g\u00e9n\u00e9alogique, on va mettre en \u00e9vidence ces r\u00e9p\u00e9titions.<br \/>La mise en conscience de ces liens, permet de transmuter ces \u00e9v\u00e8nements douloureux.<br \/>Dans cette vid\u00e9o je vous explique comment monter votre arbre g\u00e9n\u00e9alogique selon les principes de la psychog\u00e9n\u00e9alogie. Et peut-\u00eatre que vous y trouverez de nouveaux \u00e9clairages.<\/p>\t\t\t\t\t\t\t\t<\/div>\n\t\t\t\t<\/div>\n\t\t\t\t\t<\/div>\n\t\t<\/div>\n\t\t\t\t\t<\/div>\n\t\t<\/section>\n\t\t\t\t<section class=\"elementor-section elementor-top-section elementor-element elementor-element-1cc9e18 elementor-section-boxed elementor-section-height-default elementor-section-height-default\" data-id=\"1cc9e18\" data-element_type=\"section\" data-e-type=\"section\">\n\t\t\t\t\t\t<div class=\"elementor-container elementor-column-gap-default\">\n\t\t\t\t\t<div class=\"elementor-column elementor-col-100 elementor-top-column elementor-element elementor-element-49c1b9e\" data-id=\"49c1b9e\" data-element_type=\"column\" data-e-type=\"column\">\n\t\t\t<div class=\"elementor-widget-wrap elementor-element-populated\">\n\t\t\t\t\t\t<div class=\"elementor-element elementor-element-ea74d9e elementor-widget elementor-widget-heading\" data-id=\"ea74d9e\" data-element_type=\"widget\" data-e-type=\"widget\" data-widget_type=\"heading.default\">\n\t\t\t\t<div class=\"elementor-widget-container\">\n\t\t\t\t\t<h2 class=\"elementor-heading-title elementor-size-default\"><a href=\"https:\/\/odysee.com\/Psychogenealogie:fd70334163c87e6e135fda27cb490238b5c54ea9\">Cliquez ici pour lancer la vid\u00e9o<\/a><\/h2>\t\t\t\t<\/div>\n\t\t\t\t<\/div>\n\t\t\t\t\t<\/div>\n\t\t<\/div>\n\t\t\t\t\t<\/div>\n\t\t<\/section>\n\t\t\t\t<section class=\"elementor-section elementor-top-section elementor-element elementor-element-9582911 elementor-section-boxed elementor-section-height-default elementor-section-height-default\" data-id=\"9582911\" data-element_type=\"section\" data-e-type=\"section\">\n\t\t\t\t\t\t<div class=\"elementor-container elementor-column-gap-default\">\n\t\t\t\t\t<div class=\"elementor-column elementor-col-100 elementor-top-column elementor-element elementor-element-d7a2951\" data-id=\"d7a2951\" data-element_type=\"column\" data-e-type=\"column\">\n\t\t\t<div class=\"elementor-widget-wrap\">\n\t\t\t\t\t\t\t<\/div>\n\t\t<\/div>\n\t\t\t\t\t<\/div>\n\t\t<\/section>\n\t\t\t\t<section class=\"elementor-section elementor-top-section elementor-element elementor-element-c4b5c2b elementor-section-boxed elementor-section-height-default elementor-section-height-default\" data-id=\"c4b5c2b\" data-element_type=\"section\" data-e-type=\"section\">\n\t\t\t\t\t\t<div class=\"elementor-container elementor-column-gap-default\">\n\t\t\t\t\t<div class=\"elementor-column elementor-col-100 elementor-top-column elementor-element elementor-element-79f0b7e\" data-id=\"79f0b7e\" data-element_type=\"column\" data-e-type=\"column\">\n\t\t\t<div class=\"elementor-widget-wrap elementor-element-populated\">\n\t\t\t\t\t\t<div class=\"elementor-element elementor-element-55f6e44 elementor-widget elementor-widget-image\" data-id=\"55f6e44\" data-element_type=\"widget\" data-e-type=\"widget\" data-widget_type=\"image.default\">\n\t\t\t\t<div class=\"elementor-widget-container\">\n\t\t\t\t\t\t\t\t\t\t\t\t\t\t\t<img fetchpriority=\"high\" decoding=\"async\" width=\"1024\" height=\"623\" src=\"https:\/\/www.charlesheitz.fr\/wp-content\/uploads\/2020\/12\/Capture-de\u0301cran-2020-12-12-a\u0300-13.13.30-1024x623.png\" class=\"attachment-large size-large wp-image-1156\" alt=\"\" srcset=\"https:\/\/www.charlesheitz.fr\/wp-content\/uploads\/2020\/12\/Capture-de\u0301cran-2020-12-12-a\u0300-13.13.30-1024x623.png 1024w, https:\/\/www.charlesheitz.fr\/wp-content\/uploads\/2020\/12\/Capture-de\u0301cran-2020-12-12-a\u0300-13.13.30-300x182.png 300w, https:\/\/www.charlesheitz.fr\/wp-content\/uploads\/2020\/12\/Capture-de\u0301cran-2020-12-12-a\u0300-13.13.30-768x467.png 768w, https:\/\/www.charlesheitz.fr\/wp-content\/uploads\/2020\/12\/Capture-de\u0301cran-2020-12-12-a\u0300-13.13.30-1536x934.png 1536w, https:\/\/www.charlesheitz.fr\/wp-content\/uploads\/2020\/12\/Capture-de\u0301cran-2020-12-12-a\u0300-13.13.30.png 1640w\" sizes=\"(max-width: 1024px) 100vw, 1024px\" \/>\t\t\t\t\t\t\t\t\t\t\t\t\t\t\t<\/div>\n\t\t\t\t<\/div>\n\t\t\t\t\t<\/div>\n\t\t<\/div>\n\t\t\t\t\t<\/div>\n\t\t<\/section>\n\t\t\t\t<\/div>\n\t\t","protected":false},"excerpt":{"rendered":"<p>Psychog\u00e9n\u00e9alogie\u200b Les difficult\u00e9s que je vis actuellement dans ma vie ne sont qu\u2019une relecture biologique inconsciente des difficult\u00e9s v\u00e9cues par mes anc\u00eatres.En travaillant sur mon arbre g\u00e9n\u00e9alogique, on va mettre en \u00e9vidence ces r\u00e9p\u00e9titions.La mise en conscience de ces liens, permet de transmuter ces \u00e9v\u00e8nements douloureux.Dans cette vid\u00e9o je vous explique comment monter votre arbre [&hellip;]<\/p>\n","protected":false},"author":2,"featured_media":0,"parent":1026,"menu_order":5,"comment_status":"closed","ping_status":"closed","template":"","meta":{"_seopress_robots_primary_cat":"","_seopress_titles_title":"","_seopress_titles_desc":"","_seopress_robots_index":"","ocean_post_layout":"full-width","ocean_both_sidebars_style":"","ocean_both_sidebars_content_width":0,"ocean_both_sidebars_sidebars_width":0,"ocean_sidebar":"0","ocean_second_sidebar":"0","ocean_disable_margins":"enable","ocean_add_body_class":"","ocean_shortcode_before_top_bar":"","ocean_shortcode_after_top_bar":"","ocean_shortcode_before_header":"","ocean_shortcode_after_header":"","ocean_has_shortcode":"","ocean_shortcode_after_title":"","ocean_shortcode_before_footer_widgets":"","ocean_shortcode_after_footer_widgets":"","ocean_shortcode_before_footer_bottom":"","ocean_shortcode_after_footer_bottom":"","ocean_display_top_bar":"default","ocean_display_header":"default","ocean_header_style":"","ocean_center_header_left_menu":"0","ocean_custom_header_template":"0","ocean_custom_logo":0,"ocean_custom_retina_logo":0,"ocean_custom_logo_max_width":0,"ocean_custom_logo_tablet_max_width":0,"ocean_custom_logo_mobile_max_width":0,"ocean_custom_logo_max_height":0,"ocean_custom_logo_tablet_max_height":0,"ocean_custom_logo_mobile_max_height":0,"ocean_header_custom_menu":"0","ocean_menu_typo_font_family":"0","ocean_menu_typo_font_subset":"","ocean_menu_typo_font_size":0,"ocean_menu_typo_font_size_tablet":0,"ocean_menu_typo_font_size_mobile":0,"ocean_menu_typo_font_size_unit":"px","ocean_menu_typo_font_weight":"","ocean_menu_typo_font_weight_tablet":"","ocean_menu_typo_font_weight_mobile":"","ocean_menu_typo_transform":"","ocean_menu_typo_transform_tablet":"","ocean_menu_typo_transform_mobile":"","ocean_menu_typo_line_height":0,"ocean_menu_typo_line_height_tablet":0,"ocean_menu_typo_line_height_mobile":0,"ocean_menu_typo_line_height_unit":"","ocean_menu_typo_spacing":0,"ocean_menu_typo_spacing_tablet":0,"ocean_menu_typo_spacing_mobile":0,"ocean_menu_typo_spacing_unit":"","ocean_menu_link_color":"","ocean_menu_link_color_hover":"","ocean_menu_link_color_active":"","ocean_menu_link_background":"","ocean_menu_link_hover_background":"","ocean_menu_link_active_background":"","ocean_menu_social_links_bg":"","ocean_menu_social_hover_links_bg":"","ocean_menu_social_links_color":"","ocean_menu_social_hover_links_color":"","ocean_disable_title":"default","ocean_disable_heading":"default","ocean_post_title":"","ocean_post_subheading":"","ocean_post_title_style":"","ocean_post_title_background_color":"","ocean_post_title_background":0,"ocean_post_title_bg_image_position":"","ocean_post_title_bg_image_attachment":"","ocean_post_title_bg_image_repeat":"","ocean_post_title_bg_image_size":"","ocean_post_title_height":0,"ocean_post_title_bg_overlay":0.5,"ocean_post_title_bg_overlay_color":"","ocean_disable_breadcrumbs":"default","ocean_breadcrumbs_color":"","ocean_breadcrumbs_separator_color":"","ocean_breadcrumbs_links_color":"","ocean_breadcrumbs_links_hover_color":"","ocean_display_footer_widgets":"default","ocean_display_footer_bottom":"default","ocean_custom_footer_template":"0","footnotes":""},"class_list":["post-1379","page","type-page","status-publish","hentry","entry"],"yoast_head":"<!-- This site is optimized with the Yoast SEO plugin v26.4 - https:\/\/yoast.com\/wordpress\/plugins\/seo\/ -->\n<title>Psychog\u00e9n\u00e9alogie - Charles Heitz<\/title>\n<meta name=\"robots\" content=\"index, follow, max-snippet:-1, max-image-preview:large, max-video-preview:-1\" \/>\n<link rel=\"canonical\" href=\"https:\/\/www.charlesheitz.fr\/index.php\/facilitations\/psychogenealogie\/\" \/>\n<meta property=\"og:locale\" content=\"fr_FR\" \/>\n<meta property=\"og:type\" content=\"article\" \/>\n<meta property=\"og:title\" content=\"Psychog\u00e9n\u00e9alogie - Charles Heitz\" \/>\n<meta property=\"og:description\" content=\"Psychog\u00e9n\u00e9alogie\u200b Les difficult\u00e9s que je vis actuellement dans ma vie ne sont qu\u2019une relecture biologique inconsciente des difficult\u00e9s v\u00e9cues par mes anc\u00eatres.En travaillant sur mon arbre g\u00e9n\u00e9alogique, on va mettre en \u00e9vidence ces r\u00e9p\u00e9titions.La mise en conscience de ces liens, permet de transmuter ces \u00e9v\u00e8nements douloureux.Dans cette vid\u00e9o je vous explique comment monter votre arbre [&hellip;]\" \/>\n<meta property=\"og:url\" content=\"https:\/\/www.charlesheitz.fr\/index.php\/facilitations\/psychogenealogie\/\" \/>\n<meta property=\"og:site_name\" content=\"Charles Heitz\" \/>\n<meta property=\"article:modified_time\" content=\"2021-08-22T09:10:34+00:00\" \/>\n<meta name=\"twitter:card\" content=\"summary_large_image\" \/>\n<script type=\"application\/ld+json\" class=\"yoast-schema-graph\">{\"@context\":\"https:\/\/schema.org\",\"@graph\":[{\"@type\":\"WebPage\",\"@id\":\"https:\/\/www.charlesheitz.fr\/index.php\/facilitations\/psychogenealogie\/\",\"url\":\"https:\/\/www.charlesheitz.fr\/index.php\/facilitations\/psychogenealogie\/\",\"name\":\"Psychog\u00e9n\u00e9alogie - Charles Heitz\",\"isPartOf\":{\"@id\":\"https:\/\/www.charlesheitz.fr\/#website\"},\"datePublished\":\"2021-07-20T16:04:46+00:00\",\"dateModified\":\"2021-08-22T09:10:34+00:00\",\"breadcrumb\":{\"@id\":\"https:\/\/www.charlesheitz.fr\/index.php\/facilitations\/psychogenealogie\/#breadcrumb\"},\"inLanguage\":\"fr-FR\",\"potentialAction\":[{\"@type\":\"ReadAction\",\"target\":[\"https:\/\/www.charlesheitz.fr\/index.php\/facilitations\/psychogenealogie\/\"]}]},{\"@type\":\"BreadcrumbList\",\"@id\":\"https:\/\/www.charlesheitz.fr\/index.php\/facilitations\/psychogenealogie\/#breadcrumb\",\"itemListElement\":[{\"@type\":\"ListItem\",\"position\":1,\"name\":\"Accueil\",\"item\":\"https:\/\/www.charlesheitz.fr\/\"},{\"@type\":\"ListItem\",\"position\":2,\"name\":\"Facilitations\",\"item\":\"https:\/\/www.charlesheitz.fr\/index.php\/facilitations\/\"},{\"@type\":\"ListItem\",\"position\":3,\"name\":\"Psychog\u00e9n\u00e9alogie\"}]},{\"@type\":\"WebSite\",\"@id\":\"https:\/\/www.charlesheitz.fr\/#website\",\"url\":\"https:\/\/www.charlesheitz.fr\/\",\"name\":\"Charles Heitz\",\"description\":\"Bio-psychoth\u00e9rapie \u00e0 Erstein et Issenhausen\",\"publisher\":{\"@id\":\"https:\/\/www.charlesheitz.fr\/#organization\"},\"potentialAction\":[{\"@type\":\"SearchAction\",\"target\":{\"@type\":\"EntryPoint\",\"urlTemplate\":\"https:\/\/www.charlesheitz.fr\/?s={search_term_string}\"},\"query-input\":{\"@type\":\"PropertyValueSpecification\",\"valueRequired\":true,\"valueName\":\"search_term_string\"}}],\"inLanguage\":\"fr-FR\"},{\"@type\":\"Organization\",\"@id\":\"https:\/\/www.charlesheitz.fr\/#organization\",\"name\":\"Charles Heitz\",\"url\":\"https:\/\/www.charlesheitz.fr\/\",\"logo\":{\"@type\":\"ImageObject\",\"inLanguage\":\"fr-FR\",\"@id\":\"https:\/\/www.charlesheitz.fr\/#\/schema\/logo\/image\/\",\"url\":\"https:\/\/www.charlesheitz.fr\/wp-content\/uploads\/2020\/07\/Main-5-1.png\",\"contentUrl\":\"https:\/\/www.charlesheitz.fr\/wp-content\/uploads\/2020\/07\/Main-5-1.png\",\"width\":769,\"height\":398,\"caption\":\"Charles Heitz\"},\"image\":{\"@id\":\"https:\/\/www.charlesheitz.fr\/#\/schema\/logo\/image\/\"}}]}<\/script>\n<!-- \/ Yoast SEO plugin. -->","yoast_head_json":{"title":"Psychog\u00e9n\u00e9alogie - Charles Heitz","robots":{"index":"index","follow":"follow","max-snippet":"max-snippet:-1","max-image-preview":"max-image-preview:large","max-video-preview":"max-video-preview:-1"},"canonical":"https:\/\/www.charlesheitz.fr\/index.php\/facilitations\/psychogenealogie\/","og_locale":"fr_FR","og_type":"article","og_title":"Psychog\u00e9n\u00e9alogie - Charles Heitz","og_description":"Psychog\u00e9n\u00e9alogie\u200b Les difficult\u00e9s que je vis actuellement dans ma vie ne sont qu\u2019une relecture biologique inconsciente des difficult\u00e9s v\u00e9cues par mes anc\u00eatres.En travaillant sur mon arbre g\u00e9n\u00e9alogique, on va mettre en \u00e9vidence ces r\u00e9p\u00e9titions.La mise en conscience de ces liens, permet de transmuter ces \u00e9v\u00e8nements douloureux.Dans cette vid\u00e9o je vous explique comment monter votre arbre [&hellip;]","og_url":"https:\/\/www.charlesheitz.fr\/index.php\/facilitations\/psychogenealogie\/","og_site_name":"Charles Heitz","article_modified_time":"2021-08-22T09:10:34+00:00","twitter_card":"summary_large_image","schema":{"@context":"https:\/\/schema.org","@graph":[{"@type":"WebPage","@id":"https:\/\/www.charlesheitz.fr\/index.php\/facilitations\/psychogenealogie\/","url":"https:\/\/www.charlesheitz.fr\/index.php\/facilitations\/psychogenealogie\/","name":"Psychog\u00e9n\u00e9alogie - Charles Heitz","isPartOf":{"@id":"https:\/\/www.charlesheitz.fr\/#website"},"datePublished":"2021-07-20T16:04:46+00:00","dateModified":"2021-08-22T09:10:34+00:00","breadcrumb":{"@id":"https:\/\/www.charlesheitz.fr\/index.php\/facilitations\/psychogenealogie\/#breadcrumb"},"inLanguage":"fr-FR","potentialAction":[{"@type":"ReadAction","target":["https:\/\/www.charlesheitz.fr\/index.php\/facilitations\/psychogenealogie\/"]}]},{"@type":"BreadcrumbList","@id":"https:\/\/www.charlesheitz.fr\/index.php\/facilitations\/psychogenealogie\/#breadcrumb","itemListElement":[{"@type":"ListItem","position":1,"name":"Accueil","item":"https:\/\/www.charlesheitz.fr\/"},{"@type":"ListItem","position":2,"name":"Facilitations","item":"https:\/\/www.charlesheitz.fr\/index.php\/facilitations\/"},{"@type":"ListItem","position":3,"name":"Psychog\u00e9n\u00e9alogie"}]},{"@type":"WebSite","@id":"https:\/\/www.charlesheitz.fr\/#website","url":"https:\/\/www.charlesheitz.fr\/","name":"Charles Heitz","description":"Bio-psychoth\u00e9rapie \u00e0 Erstein et Issenhausen","publisher":{"@id":"https:\/\/www.charlesheitz.fr\/#organization"},"potentialAction":[{"@type":"SearchAction","target":{"@type":"EntryPoint","urlTemplate":"https:\/\/www.charlesheitz.fr\/?s={search_term_string}"},"query-input":{"@type":"PropertyValueSpecification","valueRequired":true,"valueName":"search_term_string"}}],"inLanguage":"fr-FR"},{"@type":"Organization","@id":"https:\/\/www.charlesheitz.fr\/#organization","name":"Charles Heitz","url":"https:\/\/www.charlesheitz.fr\/","logo":{"@type":"ImageObject","inLanguage":"fr-FR","@id":"https:\/\/www.charlesheitz.fr\/#\/schema\/logo\/image\/","url":"https:\/\/www.charlesheitz.fr\/wp-content\/uploads\/2020\/07\/Main-5-1.png","contentUrl":"https:\/\/www.charlesheitz.fr\/wp-content\/uploads\/2020\/07\/Main-5-1.png","width":769,"height":398,"caption":"Charles Heitz"},"image":{"@id":"https:\/\/www.charlesheitz.fr\/#\/schema\/logo\/image\/"}}]}},"_links":{"self":[{"href":"https:\/\/www.charlesheitz.fr\/index.php\/wp-json\/wp\/v2\/pages\/1379","targetHints":{"allow":["GET"]}}],"collection":[{"href":"https:\/\/www.charlesheitz.fr\/index.php\/wp-json\/wp\/v2\/pages"}],"about":[{"href":"https:\/\/www.charlesheitz.fr\/index.php\/wp-json\/wp\/v2\/types\/page"}],"author":[{"embeddable":true,"href":"https:\/\/www.charlesheitz.fr\/index.php\/wp-json\/wp\/v2\/users\/2"}],"replies":[{"embeddable":true,"href":"https:\/\/www.charlesheitz.fr\/index.php\/wp-json\/wp\/v2\/comments?post=1379"}],"version-history":[{"count":12,"href":"https:\/\/www.charlesheitz.fr\/index.php\/wp-json\/wp\/v2\/pages\/1379\/revisions"}],"predecessor-version":[{"id":1394,"href":"https:\/\/www.charlesheitz.fr\/index.php\/wp-json\/wp\/v2\/pages\/1379\/revisions\/1394"}],"up":[{"embeddable":true,"href":"https:\/\/www.charlesheitz.fr\/index.php\/wp-json\/wp\/v2\/pages\/1026"}],"wp:attachment":[{"href":"https:\/\/www.charlesheitz.fr\/index.php\/wp-json\/wp\/v2\/media?parent=1379"}],"curies":[{"name":"wp","href":"https:\/\/api.w.org\/{rel}","templated":true}]}}