{"id":1430,"date":"2021-08-22T10:55:17","date_gmt":"2021-08-22T08:55:17","guid":{"rendered":"http:\/\/www.charlesheitz.fr\/?page_id=1430"},"modified":"2021-08-22T11:22:20","modified_gmt":"2021-08-22T09:22:20","slug":"se-pardonner","status":"publish","type":"page","link":"https:\/\/www.charlesheitz.fr\/index.php\/facilitations\/se-pardonner\/","title":{"rendered":"Se pardonner"},"content":{"rendered":"\t\t<div data-elementor-type=\"wp-page\" data-elementor-id=\"1430\" class=\"elementor elementor-1430\">\n\t\t\t\t\t\t<section class=\"elementor-section elementor-top-section elementor-element elementor-element-0a89121 elementor-section-boxed elementor-section-height-default elementor-section-height-default\" data-id=\"0a89121\" data-element_type=\"section\" data-e-type=\"section\">\n\t\t\t\t\t\t<div class=\"elementor-container elementor-column-gap-default\">\n\t\t\t\t\t<div class=\"elementor-column elementor-col-100 elementor-top-column elementor-element elementor-element-787e92a\" data-id=\"787e92a\" data-element_type=\"column\" data-e-type=\"column\">\n\t\t\t<div class=\"elementor-widget-wrap elementor-element-populated\">\n\t\t\t\t\t\t<div class=\"elementor-element elementor-element-7134138 elementor-widget elementor-widget-heading\" data-id=\"7134138\" data-element_type=\"widget\" data-e-type=\"widget\" data-widget_type=\"heading.default\">\n\t\t\t\t<div class=\"elementor-widget-container\">\n\t\t\t\t\t<h3 class=\"elementor-heading-title elementor-size-large\">Se pardonner\u2026<\/h3>\t\t\t\t<\/div>\n\t\t\t\t<\/div>\n\t\t\t\t\t<\/div>\n\t\t<\/div>\n\t\t\t\t\t<\/div>\n\t\t<\/section>\n\t\t\t\t<section class=\"elementor-section elementor-top-section elementor-element elementor-element-1f92a86 elementor-section-boxed elementor-section-height-default elementor-section-height-default\" data-id=\"1f92a86\" data-element_type=\"section\" data-e-type=\"section\">\n\t\t\t\t\t\t<div class=\"elementor-container elementor-column-gap-default\">\n\t\t\t\t\t<div class=\"elementor-column elementor-col-100 elementor-top-column elementor-element elementor-element-6dbe6d5\" data-id=\"6dbe6d5\" data-element_type=\"column\" data-e-type=\"column\">\n\t\t\t<div class=\"elementor-widget-wrap elementor-element-populated\">\n\t\t\t\t\t\t<div class=\"elementor-element elementor-element-fbb199b elementor-widget elementor-widget-text-editor\" data-id=\"fbb199b\" data-element_type=\"widget\" data-e-type=\"widget\" data-widget_type=\"text-editor.default\">\n\t\t\t\t<div class=\"elementor-widget-container\">\n\t\t\t\t\t\t\t\t\t<p>Plus facile que de pardonner aux autres pour certains, plus difficile pour les autres.<\/p><p>Allons regarder de plus pr\u00e8s les m\u00e9canismes\u2026<\/p><p>Cela peut sembler ais\u00e9 car en y r\u00e9fl\u00e9chissant nous sommes un bon nombre a avoir eu de bonnes raisons de penser, de parler, d&rsquo;agir ainsi que nous l&rsquo;avions fait.<\/p><p>Oui, c&rsquo;est s\u00fbr ! Les gens font les meilleurs choix possibles en fonction des informations dont ils disposent. Nous l&rsquo;avons d\u00e9j\u00e0 vu dans une des publications pr\u00e9c\u00e9dentes, c&rsquo;est un des pr\u00e9suppos\u00e9s en PNL.<\/p><p>Au del\u00e0 de \u00e7a, je devrais dire \u00ab\u00a0en de\u00e7\u00e0 de \u00e7a\u00a0\u00bb, en regardant au dedans de nous, plus en profondeur, l\u00e0 o\u00f9 nous avons \u00e0 c\u0153ur d&rsquo;agir de fa\u00e7on juste envers nous-m\u00eame comme envers les autres, au del\u00e0 des raisonnements et en dehors des justifications.<\/p><p>Ne nous reste-t-il pas \u00e0 cet endroit des s\u00e9quences de notre vie avec lesquels nous n&rsquo;arrivons pas totalement \u00e0 \u00eatre en accord ? Et o\u00f9 la culpabilit\u00e9 vient nous titiller ?<\/p><p>Que faisons-nous de ses r\u00e9sidus ? Comment les \u00e9vacuer ou les dissoudre ?<\/p><p>Cette culpabilit\u00e9, qui a certainement eu une fonction \u00e0 un moment pr\u00e9cis (notre inconscient agit \u00e9galement de la meilleur fa\u00e7on possible avec les informations dont il dispose), a-t-elle encore une raison d&rsquo;\u00eatre ?<\/p><p>Peut-\u00eatre s&rsquo;est elle juste cristallis\u00e9e en nous et aujourd&rsquo;hui peut-\u00eatre nous saurons l&rsquo;accueillir, la laisser monter en nous (comme une bulle d&rsquo;air qui remonterai des profondeur d&rsquo;un lac), l&rsquo;accepter compl\u00e8tement car elle a exist\u00e9 (cette bulle en remontant vers la surface va grossir, grossir, au point peut-\u00eatre de devenir \u00e9norme) et juste avant l&rsquo;acceptation totale cette culpabilit\u00e9 pourrait para\u00eetre insupportable, au point de g\u00e9n\u00e9rer une douleur physique car en \u00e9mergent de nos profondeur elle grossit (c&rsquo;est juste que la pression qui la maintenait enfouie diminue) c&rsquo;est le moment d&rsquo;\u00eatre bienveillant avec soi et de s&rsquo;accompagner dans le processus. Car au bout, comme pour la bulle d&rsquo;air que restera-t-il d&rsquo;elle quand elle sera entr\u00e9e en contact de l&rsquo;air libre et qu&rsquo;elle aura \u00e9clat\u00e9 ? L&rsquo;eau calme du lac et l&rsquo;air libre. Nous pouvons faire confiance \u00e0 notre processus interne pour ex\u00e9cuter cette op\u00e9ration.<\/p><p>C&rsquo;est aussi une fa\u00e7on d&rsquo;\u00eatre en paix avec soi-m\u00eame puisqu&rsquo;il n&rsquo;y aura plus rien \u00e0 pardonner.<\/p><p>Pour une culpabilit\u00e9 un peu plus tenace, peut-\u00eatre pourrions-nous envisager de l&rsquo;accueillir, comme une bonne amie \u00e0 qui l&rsquo;on ouvrirait la porte car elle aurait des informations importantes \u00e0 nous livrer, l&rsquo;\u00e9couter jusqu&rsquo;\u00e0 ce qu&rsquo;elle nait plus rien \u00e0 nous dire. Un peu comme si notre inconscient sage n&rsquo;avait trouv\u00e9 que ce moyen pour attirer notre attention afin de nous d\u00e9livrer son message. Un message que l&rsquo;on entendrait comme dans un \u00e9tat modifi\u00e9 de conscience et dont on se sentirait enrichi puis nous pourrions encore prendre un moment pour savourer ce temps pass\u00e9 en sa pr\u00e9sence avant de prendre cong\u00e9s et de poursuivre notre route plus sereinement, la sensation agr\u00e9able de cette rencontre pr\u00e9sente \u00e0 notre esprit.<\/p><p>Les \u00e9v\u00e9nements du pass\u00e9 ne peuvent pas \u00eatre modifi\u00e9s, ils restent tels qu\u2019ils ont \u00e9t\u00e9. Ce que le pardon change, c\u2019est la fa\u00e7on dont ils sont enregistr\u00e9s en nous, et cela change tout, notamment le futur vers lequel nous nous dirigeons.<\/p><p>\u00ab\u00a0On dit\u00a0\u00bb qu&rsquo;on ne pardonne pas pour lib\u00e9rer l&rsquo;autre on pardonne pour se lib\u00e9rer soi.<\/p><p>J&rsquo;aurai tendance \u00e0 dire que pardonner \u00e0 l&rsquo;autre (quelque soit l&rsquo;autre), nous lib\u00e8re et que se pardonner (pour le tord que nous aurions pu faire) lib\u00e8re l&rsquo;autre.<\/p><p>N&rsquo;est-ce pas le minimum que nous pouvons faire ?<\/p><p>Se lib\u00e9rer du pr\u00e9judice subi ou lib\u00e9rer l&rsquo;autre du tord que nous avons pu lui faire ?<\/p><p>Le pardon permet cela. Il permet de nous lib\u00e9rer autant que de lib\u00e9rer les autres.<\/p><p>Enfin comme la peur permet de d\u00e9velopper le courage, la culpabilit\u00e9 ou la ranc\u0153ur peuvent \u00eatre n\u00e9cessaire au d\u00e9veloppement du pardon. Le pardon est une belle valeur, elle m\u00e9rite aussi d&rsquo;\u00eatre nourrie. Quand vous l&rsquo;aurez suffisamment nourrie, que le pardon sera vivant en vous, peut-\u00eatre vous nourrirez une autre valeur, chaque chose en son temps.<\/p><p>Pardonnez-vous tous les \u00ab\u00a0mauvais choix\u00a0\u00bb que vous avez fait, ne serait-ce que parce que si vous ne les aviez pas faits, vous ne sauriez pas que \u00e7a ne vous convient pas.<\/p><p>Pardonnez-vous et \u00f4tez-vous le poids d\u2019une culpabilit\u00e9 dont vous n\u2019avez plus besoin.<\/p><p>Pardonner ou se pardonner c&rsquo;est enlever la charge \u00e9motionnelle qui p\u00e8se sur soi.<\/p><p>Cela peut changer votre \u00e9tat d\u2019\u00eatre dans l\u2019instant.<\/p>\t\t\t\t\t\t\t\t<\/div>\n\t\t\t\t<\/div>\n\t\t\t\t\t<\/div>\n\t\t<\/div>\n\t\t\t\t\t<\/div>\n\t\t<\/section>\n\t\t\t\t<section class=\"elementor-section elementor-top-section elementor-element elementor-element-a47be54 elementor-section-boxed elementor-section-height-default elementor-section-height-default\" data-id=\"a47be54\" data-element_type=\"section\" data-e-type=\"section\">\n\t\t\t\t\t\t<div class=\"elementor-container elementor-column-gap-default\">\n\t\t\t\t\t<div class=\"elementor-column elementor-col-100 elementor-top-column elementor-element elementor-element-33ddb76\" data-id=\"33ddb76\" data-element_type=\"column\" data-e-type=\"column\">\n\t\t\t<div class=\"elementor-widget-wrap elementor-element-populated\">\n\t\t\t\t\t\t<div class=\"elementor-element elementor-element-d0d976b elementor-widget elementor-widget-spacer\" data-id=\"d0d976b\" data-element_type=\"widget\" data-e-type=\"widget\" data-widget_type=\"spacer.default\">\n\t\t\t\t<div class=\"elementor-widget-container\">\n\t\t\t\t\t\t\t<div class=\"elementor-spacer\">\n\t\t\t<div class=\"elementor-spacer-inner\"><\/div>\n\t\t<\/div>\n\t\t\t\t\t\t<\/div>\n\t\t\t\t<\/div>\n\t\t\t\t\t<\/div>\n\t\t<\/div>\n\t\t\t\t\t<\/div>\n\t\t<\/section>\n\t\t\t\t<section class=\"elementor-section elementor-top-section elementor-element elementor-element-47f79f3 elementor-section-boxed elementor-section-height-default elementor-section-height-default\" data-id=\"47f79f3\" data-element_type=\"section\" data-e-type=\"section\">\n\t\t\t\t\t\t<div class=\"elementor-container elementor-column-gap-default\">\n\t\t\t\t\t<div class=\"elementor-column elementor-col-100 elementor-top-column elementor-element elementor-element-ccd9cee\" data-id=\"ccd9cee\" data-element_type=\"column\" data-e-type=\"column\">\n\t\t\t<div class=\"elementor-widget-wrap elementor-element-populated\">\n\t\t\t\t\t\t<div class=\"elementor-element elementor-element-33521b4 elementor-widget elementor-widget-image\" data-id=\"33521b4\" data-element_type=\"widget\" data-e-type=\"widget\" data-widget_type=\"image.default\">\n\t\t\t\t<div class=\"elementor-widget-container\">\n\t\t\t\t\t\t\t\t\t\t\t\t\t\t\t<img fetchpriority=\"high\" decoding=\"async\" width=\"2048\" height=\"1496\" src=\"https:\/\/www.charlesheitz.fr\/wp-content\/uploads\/2021\/08\/shutterstock_651221473-2048x1496.jpg\" class=\"attachment-2048x2048 size-2048x2048 wp-image-1434\" alt=\"\" srcset=\"https:\/\/www.charlesheitz.fr\/wp-content\/uploads\/2021\/08\/shutterstock_651221473-2048x1496.jpg 2048w, https:\/\/www.charlesheitz.fr\/wp-content\/uploads\/2021\/08\/shutterstock_651221473-300x219.jpg 300w, https:\/\/www.charlesheitz.fr\/wp-content\/uploads\/2021\/08\/shutterstock_651221473-1024x748.jpg 1024w, https:\/\/www.charlesheitz.fr\/wp-content\/uploads\/2021\/08\/shutterstock_651221473-768x561.jpg 768w, https:\/\/www.charlesheitz.fr\/wp-content\/uploads\/2021\/08\/shutterstock_651221473-1536x1122.jpg 1536w\" sizes=\"(max-width: 2048px) 100vw, 2048px\" \/>\t\t\t\t\t\t\t\t\t\t\t\t\t\t\t<\/div>\n\t\t\t\t<\/div>\n\t\t\t\t\t<\/div>\n\t\t<\/div>\n\t\t\t\t\t<\/div>\n\t\t<\/section>\n\t\t\t\t<\/div>\n\t\t","protected":false},"excerpt":{"rendered":"<p>Se pardonner\u2026 Plus facile que de pardonner aux autres pour certains, plus difficile pour les autres. Allons regarder de plus pr\u00e8s les m\u00e9canismes\u2026 Cela peut sembler ais\u00e9 car en y r\u00e9fl\u00e9chissant nous sommes un bon nombre a avoir eu de bonnes raisons de penser, de parler, d&rsquo;agir ainsi que nous l&rsquo;avions fait. Oui, c&rsquo;est s\u00fbr [&hellip;]<\/p>\n","protected":false},"author":2,"featured_media":0,"parent":1026,"menu_order":1,"comment_status":"closed","ping_status":"closed","template":"","meta":{"_seopress_robots_primary_cat":"","_seopress_titles_title":"","_seopress_titles_desc":"","_seopress_robots_index":"","ocean_post_layout":"full-width","ocean_both_sidebars_style":"","ocean_both_sidebars_content_width":0,"ocean_both_sidebars_sidebars_width":0,"ocean_sidebar":"0","ocean_second_sidebar":"0","ocean_disable_margins":"enable","ocean_add_body_class":"","ocean_shortcode_before_top_bar":"","ocean_shortcode_after_top_bar":"","ocean_shortcode_before_header":"","ocean_shortcode_after_header":"","ocean_has_shortcode":"","ocean_shortcode_after_title":"","ocean_shortcode_before_footer_widgets":"","ocean_shortcode_after_footer_widgets":"","ocean_shortcode_before_footer_bottom":"","ocean_shortcode_after_footer_bottom":"","ocean_display_top_bar":"default","ocean_display_header":"default","ocean_header_style":"","ocean_center_header_left_menu":"0","ocean_custom_header_template":"0","ocean_custom_logo":0,"ocean_custom_retina_logo":0,"ocean_custom_logo_max_width":0,"ocean_custom_logo_tablet_max_width":0,"ocean_custom_logo_mobile_max_width":0,"ocean_custom_logo_max_height":0,"ocean_custom_logo_tablet_max_height":0,"ocean_custom_logo_mobile_max_height":0,"ocean_header_custom_menu":"0","ocean_menu_typo_font_family":"0","ocean_menu_typo_font_subset":"","ocean_menu_typo_font_size":0,"ocean_menu_typo_font_size_tablet":0,"ocean_menu_typo_font_size_mobile":0,"ocean_menu_typo_font_size_unit":"px","ocean_menu_typo_font_weight":"","ocean_menu_typo_font_weight_tablet":"","ocean_menu_typo_font_weight_mobile":"","ocean_menu_typo_transform":"","ocean_menu_typo_transform_tablet":"","ocean_menu_typo_transform_mobile":"","ocean_menu_typo_line_height":0,"ocean_menu_typo_line_height_tablet":0,"ocean_menu_typo_line_height_mobile":0,"ocean_menu_typo_line_height_unit":"","ocean_menu_typo_spacing":0,"ocean_menu_typo_spacing_tablet":0,"ocean_menu_typo_spacing_mobile":0,"ocean_menu_typo_spacing_unit":"","ocean_menu_link_color":"","ocean_menu_link_color_hover":"","ocean_menu_link_color_active":"","ocean_menu_link_background":"","ocean_menu_link_hover_background":"","ocean_menu_link_active_background":"","ocean_menu_social_links_bg":"","ocean_menu_social_hover_links_bg":"","ocean_menu_social_links_color":"","ocean_menu_social_hover_links_color":"","ocean_disable_title":"default","ocean_disable_heading":"default","ocean_post_title":"","ocean_post_subheading":"","ocean_post_title_style":"","ocean_post_title_background_color":"","ocean_post_title_background":0,"ocean_post_title_bg_image_position":"","ocean_post_title_bg_image_attachment":"","ocean_post_title_bg_image_repeat":"","ocean_post_title_bg_image_size":"","ocean_post_title_height":0,"ocean_post_title_bg_overlay":0.5,"ocean_post_title_bg_overlay_color":"","ocean_disable_breadcrumbs":"default","ocean_breadcrumbs_color":"","ocean_breadcrumbs_separator_color":"","ocean_breadcrumbs_links_color":"","ocean_breadcrumbs_links_hover_color":"","ocean_display_footer_widgets":"default","ocean_display_footer_bottom":"default","ocean_custom_footer_template":"0","footnotes":""},"class_list":["post-1430","page","type-page","status-publish","hentry","entry"],"yoast_head":"<!-- This site is optimized with the Yoast SEO plugin v26.4 - https:\/\/yoast.com\/wordpress\/plugins\/seo\/ -->\n<title>Se pardonner - Charles Heitz<\/title>\n<meta name=\"robots\" content=\"index, follow, max-snippet:-1, max-image-preview:large, max-video-preview:-1\" \/>\n<link rel=\"canonical\" href=\"https:\/\/www.charlesheitz.fr\/index.php\/facilitations\/se-pardonner\/\" \/>\n<meta property=\"og:locale\" content=\"fr_FR\" \/>\n<meta property=\"og:type\" content=\"article\" \/>\n<meta property=\"og:title\" content=\"Se pardonner - Charles Heitz\" \/>\n<meta property=\"og:description\" content=\"Se pardonner\u2026 Plus facile que de pardonner aux autres pour certains, plus difficile pour les autres. Allons regarder de plus pr\u00e8s les m\u00e9canismes\u2026 Cela peut sembler ais\u00e9 car en y r\u00e9fl\u00e9chissant nous sommes un bon nombre a avoir eu de bonnes raisons de penser, de parler, d&rsquo;agir ainsi que nous l&rsquo;avions fait. Oui, c&rsquo;est s\u00fbr [&hellip;]\" \/>\n<meta property=\"og:url\" content=\"https:\/\/www.charlesheitz.fr\/index.php\/facilitations\/se-pardonner\/\" \/>\n<meta property=\"og:site_name\" content=\"Charles Heitz\" \/>\n<meta property=\"article:modified_time\" content=\"2021-08-22T09:22:20+00:00\" \/>\n<meta property=\"og:image\" content=\"http:\/\/www.charlesheitz.fr\/wp-content\/uploads\/2021\/08\/shutterstock_651221473-2048x1496.jpg\" \/>\n<meta name=\"twitter:card\" content=\"summary_large_image\" \/>\n<meta name=\"twitter:label1\" content=\"Dur\u00e9e de lecture estim\u00e9e\" \/>\n\t<meta name=\"twitter:data1\" content=\"4 minutes\" \/>\n<script type=\"application\/ld+json\" class=\"yoast-schema-graph\">{\"@context\":\"https:\/\/schema.org\",\"@graph\":[{\"@type\":\"WebPage\",\"@id\":\"https:\/\/www.charlesheitz.fr\/index.php\/facilitations\/se-pardonner\/\",\"url\":\"https:\/\/www.charlesheitz.fr\/index.php\/facilitations\/se-pardonner\/\",\"name\":\"Se pardonner - Charles Heitz\",\"isPartOf\":{\"@id\":\"https:\/\/www.charlesheitz.fr\/#website\"},\"primaryImageOfPage\":{\"@id\":\"https:\/\/www.charlesheitz.fr\/index.php\/facilitations\/se-pardonner\/#primaryimage\"},\"image\":{\"@id\":\"https:\/\/www.charlesheitz.fr\/index.php\/facilitations\/se-pardonner\/#primaryimage\"},\"thumbnailUrl\":\"http:\/\/www.charlesheitz.fr\/wp-content\/uploads\/2021\/08\/shutterstock_651221473-2048x1496.jpg\",\"datePublished\":\"2021-08-22T08:55:17+00:00\",\"dateModified\":\"2021-08-22T09:22:20+00:00\",\"breadcrumb\":{\"@id\":\"https:\/\/www.charlesheitz.fr\/index.php\/facilitations\/se-pardonner\/#breadcrumb\"},\"inLanguage\":\"fr-FR\",\"potentialAction\":[{\"@type\":\"ReadAction\",\"target\":[\"https:\/\/www.charlesheitz.fr\/index.php\/facilitations\/se-pardonner\/\"]}]},{\"@type\":\"ImageObject\",\"inLanguage\":\"fr-FR\",\"@id\":\"https:\/\/www.charlesheitz.fr\/index.php\/facilitations\/se-pardonner\/#primaryimage\",\"url\":\"http:\/\/www.charlesheitz.fr\/wp-content\/uploads\/2021\/08\/shutterstock_651221473-2048x1496.jpg\",\"contentUrl\":\"http:\/\/www.charlesheitz.fr\/wp-content\/uploads\/2021\/08\/shutterstock_651221473-2048x1496.jpg\"},{\"@type\":\"BreadcrumbList\",\"@id\":\"https:\/\/www.charlesheitz.fr\/index.php\/facilitations\/se-pardonner\/#breadcrumb\",\"itemListElement\":[{\"@type\":\"ListItem\",\"position\":1,\"name\":\"Accueil\",\"item\":\"https:\/\/www.charlesheitz.fr\/\"},{\"@type\":\"ListItem\",\"position\":2,\"name\":\"Facilitations\",\"item\":\"https:\/\/www.charlesheitz.fr\/index.php\/facilitations\/\"},{\"@type\":\"ListItem\",\"position\":3,\"name\":\"Se pardonner\"}]},{\"@type\":\"WebSite\",\"@id\":\"https:\/\/www.charlesheitz.fr\/#website\",\"url\":\"https:\/\/www.charlesheitz.fr\/\",\"name\":\"Charles Heitz\",\"description\":\"Bio-psychoth\u00e9rapie \u00e0 Erstein et Issenhausen\",\"publisher\":{\"@id\":\"https:\/\/www.charlesheitz.fr\/#organization\"},\"potentialAction\":[{\"@type\":\"SearchAction\",\"target\":{\"@type\":\"EntryPoint\",\"urlTemplate\":\"https:\/\/www.charlesheitz.fr\/?s={search_term_string}\"},\"query-input\":{\"@type\":\"PropertyValueSpecification\",\"valueRequired\":true,\"valueName\":\"search_term_string\"}}],\"inLanguage\":\"fr-FR\"},{\"@type\":\"Organization\",\"@id\":\"https:\/\/www.charlesheitz.fr\/#organization\",\"name\":\"Charles Heitz\",\"url\":\"https:\/\/www.charlesheitz.fr\/\",\"logo\":{\"@type\":\"ImageObject\",\"inLanguage\":\"fr-FR\",\"@id\":\"https:\/\/www.charlesheitz.fr\/#\/schema\/logo\/image\/\",\"url\":\"https:\/\/www.charlesheitz.fr\/wp-content\/uploads\/2020\/07\/Main-5-1.png\",\"contentUrl\":\"https:\/\/www.charlesheitz.fr\/wp-content\/uploads\/2020\/07\/Main-5-1.png\",\"width\":769,\"height\":398,\"caption\":\"Charles Heitz\"},\"image\":{\"@id\":\"https:\/\/www.charlesheitz.fr\/#\/schema\/logo\/image\/\"}}]}<\/script>\n<!-- \/ Yoast SEO plugin. -->","yoast_head_json":{"title":"Se pardonner - Charles Heitz","robots":{"index":"index","follow":"follow","max-snippet":"max-snippet:-1","max-image-preview":"max-image-preview:large","max-video-preview":"max-video-preview:-1"},"canonical":"https:\/\/www.charlesheitz.fr\/index.php\/facilitations\/se-pardonner\/","og_locale":"fr_FR","og_type":"article","og_title":"Se pardonner - Charles Heitz","og_description":"Se pardonner\u2026 Plus facile que de pardonner aux autres pour certains, plus difficile pour les autres. Allons regarder de plus pr\u00e8s les m\u00e9canismes\u2026 Cela peut sembler ais\u00e9 car en y r\u00e9fl\u00e9chissant nous sommes un bon nombre a avoir eu de bonnes raisons de penser, de parler, d&rsquo;agir ainsi que nous l&rsquo;avions fait. Oui, c&rsquo;est s\u00fbr [&hellip;]","og_url":"https:\/\/www.charlesheitz.fr\/index.php\/facilitations\/se-pardonner\/","og_site_name":"Charles Heitz","article_modified_time":"2021-08-22T09:22:20+00:00","og_image":[{"url":"http:\/\/www.charlesheitz.fr\/wp-content\/uploads\/2021\/08\/shutterstock_651221473-2048x1496.jpg","type":"","width":"","height":""}],"twitter_card":"summary_large_image","twitter_misc":{"Dur\u00e9e de lecture estim\u00e9e":"4 minutes"},"schema":{"@context":"https:\/\/schema.org","@graph":[{"@type":"WebPage","@id":"https:\/\/www.charlesheitz.fr\/index.php\/facilitations\/se-pardonner\/","url":"https:\/\/www.charlesheitz.fr\/index.php\/facilitations\/se-pardonner\/","name":"Se pardonner - Charles Heitz","isPartOf":{"@id":"https:\/\/www.charlesheitz.fr\/#website"},"primaryImageOfPage":{"@id":"https:\/\/www.charlesheitz.fr\/index.php\/facilitations\/se-pardonner\/#primaryimage"},"image":{"@id":"https:\/\/www.charlesheitz.fr\/index.php\/facilitations\/se-pardonner\/#primaryimage"},"thumbnailUrl":"http:\/\/www.charlesheitz.fr\/wp-content\/uploads\/2021\/08\/shutterstock_651221473-2048x1496.jpg","datePublished":"2021-08-22T08:55:17+00:00","dateModified":"2021-08-22T09:22:20+00:00","breadcrumb":{"@id":"https:\/\/www.charlesheitz.fr\/index.php\/facilitations\/se-pardonner\/#breadcrumb"},"inLanguage":"fr-FR","potentialAction":[{"@type":"ReadAction","target":["https:\/\/www.charlesheitz.fr\/index.php\/facilitations\/se-pardonner\/"]}]},{"@type":"ImageObject","inLanguage":"fr-FR","@id":"https:\/\/www.charlesheitz.fr\/index.php\/facilitations\/se-pardonner\/#primaryimage","url":"http:\/\/www.charlesheitz.fr\/wp-content\/uploads\/2021\/08\/shutterstock_651221473-2048x1496.jpg","contentUrl":"http:\/\/www.charlesheitz.fr\/wp-content\/uploads\/2021\/08\/shutterstock_651221473-2048x1496.jpg"},{"@type":"BreadcrumbList","@id":"https:\/\/www.charlesheitz.fr\/index.php\/facilitations\/se-pardonner\/#breadcrumb","itemListElement":[{"@type":"ListItem","position":1,"name":"Accueil","item":"https:\/\/www.charlesheitz.fr\/"},{"@type":"ListItem","position":2,"name":"Facilitations","item":"https:\/\/www.charlesheitz.fr\/index.php\/facilitations\/"},{"@type":"ListItem","position":3,"name":"Se pardonner"}]},{"@type":"WebSite","@id":"https:\/\/www.charlesheitz.fr\/#website","url":"https:\/\/www.charlesheitz.fr\/","name":"Charles Heitz","description":"Bio-psychoth\u00e9rapie \u00e0 Erstein et Issenhausen","publisher":{"@id":"https:\/\/www.charlesheitz.fr\/#organization"},"potentialAction":[{"@type":"SearchAction","target":{"@type":"EntryPoint","urlTemplate":"https:\/\/www.charlesheitz.fr\/?s={search_term_string}"},"query-input":{"@type":"PropertyValueSpecification","valueRequired":true,"valueName":"search_term_string"}}],"inLanguage":"fr-FR"},{"@type":"Organization","@id":"https:\/\/www.charlesheitz.fr\/#organization","name":"Charles Heitz","url":"https:\/\/www.charlesheitz.fr\/","logo":{"@type":"ImageObject","inLanguage":"fr-FR","@id":"https:\/\/www.charlesheitz.fr\/#\/schema\/logo\/image\/","url":"https:\/\/www.charlesheitz.fr\/wp-content\/uploads\/2020\/07\/Main-5-1.png","contentUrl":"https:\/\/www.charlesheitz.fr\/wp-content\/uploads\/2020\/07\/Main-5-1.png","width":769,"height":398,"caption":"Charles Heitz"},"image":{"@id":"https:\/\/www.charlesheitz.fr\/#\/schema\/logo\/image\/"}}]}},"_links":{"self":[{"href":"https:\/\/www.charlesheitz.fr\/index.php\/wp-json\/wp\/v2\/pages\/1430","targetHints":{"allow":["GET"]}}],"collection":[{"href":"https:\/\/www.charlesheitz.fr\/index.php\/wp-json\/wp\/v2\/pages"}],"about":[{"href":"https:\/\/www.charlesheitz.fr\/index.php\/wp-json\/wp\/v2\/types\/page"}],"author":[{"embeddable":true,"href":"https:\/\/www.charlesheitz.fr\/index.php\/wp-json\/wp\/v2\/users\/2"}],"replies":[{"embeddable":true,"href":"https:\/\/www.charlesheitz.fr\/index.php\/wp-json\/wp\/v2\/comments?post=1430"}],"version-history":[{"count":17,"href":"https:\/\/www.charlesheitz.fr\/index.php\/wp-json\/wp\/v2\/pages\/1430\/revisions"}],"predecessor-version":[{"id":1451,"href":"https:\/\/www.charlesheitz.fr\/index.php\/wp-json\/wp\/v2\/pages\/1430\/revisions\/1451"}],"up":[{"embeddable":true,"href":"https:\/\/www.charlesheitz.fr\/index.php\/wp-json\/wp\/v2\/pages\/1026"}],"wp:attachment":[{"href":"https:\/\/www.charlesheitz.fr\/index.php\/wp-json\/wp\/v2\/media?parent=1430"}],"curies":[{"name":"wp","href":"https:\/\/api.w.org\/{rel}","templated":true}]}}